{"id":26930,"date":"2023-04-14T11:45:56","date_gmt":"2023-04-14T09:45:56","guid":{"rendered":"https:\/\/circutor.com\/?page_id=26930"},"modified":"2023-04-14T11:45:56","modified_gmt":"2023-04-14T09:45:56","slug":"formacio","status":"publish","type":"page","link":"https:\/\/circutor.com\/ca\/suport\/formacio\/","title":{"rendered":"Formaci\u00f3"},"content":{"rendered":"<p>[vc_row full_width=&#8221;stretch_row&#8221; el_class=&#8221;banner_pagina_texto&#8221; css=&#8221;.vc_custom_1649256889503{background-image: url(https:\/\/circutor.com\/wp-content\/uploads\/2022\/04\/FC_Circutor_2203_1874-1.jpg?id=17707) !important;background-position: center !important;background-repeat: no-repeat !important;background-size: cover !important;}&#8221;][vc_column css=&#8221;.vc_custom_1605620904006{padding-top: 0px !important;}&#8221;][vc_row_inner el_class=&#8221;breadcrumb&#8221;][vc_column_inner]<div itemscope itemtype=\"https:\/\/schema.org\/BreadcrumbList\" id=\"breadcrumb\"><div itemprop=\"itemListElement\" itemscope itemtype=\"https:\/\/schema.org\/ListItem\"><a itemprop=\"item\" href=\"https:\/\/circutor.com\/ca\/\"><span itemprop=\"name\">Home<\/span><\/a><meta itemprop=\"position\" content=\"1\" \/><\/div><div itemprop=\"itemListElement\" itemscope itemtype=\"https:\/\/schema.org\/ListItem\"><span><i class=\"ico-guil-singl-right\"><\/i><\/span><a itemprop=\"item\" href=\"https:\/\/circutor.com\/ca\/suport\/\"><span itemprop=\"name\">Suport<\/span><\/a><meta itemprop=\"position\" content=\"3\"><\/div><div itemprop=\"itemListElement\" itemscope itemtype=\"https:\/\/schema.org\/ListItem\"><span><i class=\"ico-guil-singl-right\"><\/i><\/span><span class=\"active_item_breadcrumb\" itemprop=\"name\">Formaci\u00f3<\/span><meta itemprop=\"position\" content=\"4\"><\/div><\/div>[\/vc_column_inner][\/vc_row_inner][vc_row_inner][vc_column_inner width=&#8221;1\/2&#8243;][vc_column_text]<\/p>\n<h1>Formaci\u00f3 cont\u00ednua<\/h1>\n<p>Vivim temps en qu\u00e8 la tecnologia, la innovaci\u00f3 i la informaci\u00f3 canvien i circulen cada vegada amb m\u00e9s agilitat. A Circutor ens adaptem per oferir formacions en l\u00ednia constants i esdeveniments centrats en preparar els creadors del sector el\u00e8ctric del futur.[\/vc_column_text][\/vc_column_inner][vc_column_inner width=&#8221;1\/2&#8243;][\/vc_column_inner][\/vc_row_inner][\/vc_column][\/vc_row][vc_row el_class=&#8221;bloque formacion_home page_formacion&#8221;][vc_column][vc_row_inner][vc_column_inner width=&#8221;1\/2&#8243;][vc_column_text]<\/p>\n<h6 class=\"wrap-title\">FORMACI\u00d3 EN L\u00cdNIA I PRESENCIAL<\/h6>\n<p>[\/vc_column_text][\/vc_column_inner][vc_column_inner width=&#8221;1\/2&#8243;][vc_column_text el_class=&#8221;enlace_page&#8221;]<\/p>\n<h6 class=\"wrap-title\"><a href=\"\/en\/support\/training\/online-and-in-person-training\/\">Vegeu-los tots <i class=\"ico-arrow-right\"><\/i><\/a><\/h6>\n<p>[\/vc_column_text][\/vc_column_inner][\/vc_row_inner][\/vc_column][\/vc_row][vc_row el_class=&#8221;row_eventos_home row_formacion_home&#8221;][vc_column]\n          <script>\n            jQuery(document).ready(function(){\n              jQuery(\".bloque.formacion_home\").remove();\n            });\n          <\/script>\n        [\/vc_column][\/vc_row][vc_row disable_element=&#8221;yes&#8221; el_class=&#8221;row_eventos_home row_formacion_home&#8221;][vc_column width=&#8221;1\/2&#8243;][vc_row_inner][vc_column_inner width=&#8221;1\/2&#8243;][vc_raw_html el_class=&#8221;item_actualidad_noticias&#8221;]JTNDYSUyMGhyZWYlM0QlMjIlMjMlMjIlM0UlMEElM0NkaXYlMjBjbGFzcyUzRCUyMml0ZW0lMjBnZW5lcmFsJTIyJTNFJTBBJTIwJTIwJTNDZGl2JTIwY2xhc3MlM0QlMjJpbWFnZW4lMjIlM0UlMEElMjAlMjAlMjAlMjAlMjAlM0NpbWclMjBzcmMlM0QlMjIlMkZ3cC1jb250ZW50JTJGdXBsb2FkcyUyRjIwMjAlMkYwOSUyRm5vdGljaWEyLmpwZyUyMiUzRSUwQSUyMCUyMCUzQyUyRmRpdiUzRSUwQSUyMCUyMCUzQ2RpdiUyMGNsYXNzJTNEJTIyZGV0YWlscyUyMiUzRSUwQSUyMCUyMCUyMCUyMCUzQ3AlMjBjbGFzcyUzRCUyMmZlY2hhJTIwc21hbGwlMjIlM0UxOCUyRjA3JTNDJTJGcCUzRSUwQSUyMCUyMCUyMCUyMCUzQ3AlMjBjbGFzcyUzRCUyMmhvcmElMjIlM0UxNyUzQTAwJTIwaCUyMCUyOFVUQyUyMCUyQiUyMDAxJTNBMDAlMjklM0MlMkZwJTNFJTBBJTIwJTIwJTIwJTIwJTNDaDUlMjBjbGFzcyUzRCUyMnRpdHVsbyUyMiUzRUZlciUyMGNyJUMzJUE5aXhlciUyMGVsJTIwdGV1JTIwbmVnb2NpJTIwYXByb2ZpdGFudCUyMGVscyUyMDQlMjByZXB0ZXMlMjBkZWwlMjBzZWN0b3IlMjBlbCVDMyVBOGN0cmljJTNDJTJGaDUlM0UlMEElMjAlMjAlMjAlMjAlM0NwJTIwY2xhc3MlM0QlMjJjYXRlZ29yaWElMjBzbWFsbCUyMiUzRUVuJTIwbCVDMyVBRG5pYSUzQyUyRnAlM0UlMEElMjAlMjAlM0MlMkZkaXYlM0UlMEElM0MlMkZkaXYlM0UlMEElM0MlMkZhJTNF[\/vc_raw_html][\/vc_column_inner][vc_column_inner width=&#8221;1\/2&#8243;][vc_raw_html el_class=&#8221;item_actualidad_noticias&#8221;]JTNDYSUyMGhyZWYlM0QlMjIlMjMlMjIlM0UlMEElM0NkaXYlMjBjbGFzcyUzRCUyMml0ZW0lMjBnZW5lcmFsJTIyJTNFJTBBJTIwJTIwJTNDZGl2JTIwY2xhc3MlM0QlMjJpbWFnZW4lMjIlM0UlMEElMjAlMjAlMjAlMjAlMjAlM0NpbWclMjBzcmMlM0QlMjIlMkZ3cC1jb250ZW50JTJGdXBsb2FkcyUyRjIwMjAlMkYwOSUyRm5vdGljaWEyLmpwZyUyMiUzRSUyMCUwQSUyMCUyMCUzQyUyRmRpdiUzRSUwQSUyMCUyMCUzQ2RpdiUyMGNsYXNzJTNEJTIyZGV0YWlscyUyMiUzRSUwQSUyMCUyMCUyMCUyMCUzQ3AlMjBjbGFzcyUzRCUyMmZlY2hhJTIwc21hbGwlMjIlM0UxOCUyRjA3JTNDJTJGcCUzRSUwQSUyMCUyMCUyMCUyMCUzQ3AlMjBjbGFzcyUzRCUyMmhvcmElMjIlM0UxNy4wMCUyMGglMjAlMjhVVEMlMjAlMkIwMSUzQTAwJTI5JTNDJTJGcCUzRSUwQSUyMCUyMCUyMCUyMCUzQ2g1JTIwY2xhc3MlM0QlMjJ0aXR1bG8lMjIlM0VGZXIlMjBjciVDMyVBOWl4ZXIlMjBlbCUyMHRldSUyMG5lZ29jaSUyMGFwcm9maXRhbnQlMjBlbHMlMjA0JTIwcmVwdGVzJTIwZGVsJTIwc2VjdG9yJTIwZWwlQzMlQThjdHJpYyUzQyUyRmg1JTNFJTBBJTIwJTIwJTIwJTIwJTNDcCUyMGNsYXNzJTNEJTIyY2F0ZWdvcmlhJTIwc21hbGwlMjIlM0VFbiUyMGwlQzMlQURuaWElM0MlMkZwJTNFJTBBJTIwJTIwJTNDJTJGZGl2JTNFJTBBJTNDJTJGZGl2JTNFJTBBJTNDJTJGYSUzRQ==[\/vc_raw_html][\/vc_column_inner][\/vc_row_inner][\/vc_column][vc_column width=&#8221;1\/2&#8243;][vc_row_inner el_class=&#8221;item_calendario&#8221;][vc_column_inner el_class=&#8221;lista_calendar&#8221; width=&#8221;1\/3&#8243;][vc_raw_html]JTNDdWwlM0UlMEElM0NsaSUzRSUzQ3AlMjBjbGFzcyUzRCUyMnNtYWxsJTIyJTNFJTNDYSUyMGhyZWYlM0QlMjIlMjMlMjIlM0UlM0NzcGFuJTNFMTglMkYwNyUzQyUyRnNwYW4lM0VOb3ZhJTIwbm9ybWF0aXZhJTIwc29icmUlMjBsJTI3aW1wb3N0JTIwZGVsJTIwc29sJTNDJTJGYSUzRSUzQyUyRnAlM0UlM0MlMkZsaSUzRSUwQSUzQ2xpJTNFJTNDcCUyMGNsYXNzJTNEJTIyc21hbGwlMjIlM0UlM0NhJTIwaHJlZiUzRCUyMiUyMyUyMiUzRSUzQ3NwYW4lM0UxOCUyRjA3JTNDJTJGc3BhbiUzRU5vdmElMjBub3JtYXRpdmElMjBzb2JyZSUyMGwlMjdpbXBvc3QlMjBkZWwlMjBzb2wlM0MlMkZhJTNFJTNDJTJGcCUzRSUzQyUyRmxpJTNFJTBBJTNDbGklM0UlM0NwJTIwY2xhc3MlM0QlMjJzbWFsbCUyMiUzRSUzQ2ElMjBocmVmJTNEJTIyJTIzJTIyJTNFJTNDc3BhbiUzRTE4JTJGMDclM0MlMkZzcGFuJTNFTm92YSUyMG5vcm1hdGl2YSUyMHNvYnJlJTIwbCUyN2ltcG9zdCUyMGRlbCUyMHNvbCUzQyUyRmElM0UlM0MlMkZwJTNFJTNDJTJGbGklM0UlMEElM0MlMkZ1bCUzRQ==[\/vc_raw_html][\/vc_column_inner][vc_column_inner el_class=&#8221;calendar&#8221; width=&#8221;2\/3&#8243;]<div id=\"datepicker\"><\/div>\n    <div id=\"popup_selected\">\n\n    <\/div>\n      <script>\n        jQuery(document).ready(function(){\n          var defaultDate = new Date();\n          var hoy = new Date(defaultDate.getFullYear(), + defaultDate.getMonth(), defaultDate.getDate());\n          let datesEvents = [];jQuery(\"#popup_selected\").hide();\n          \n          jQuery(\"#datepicker\").datepicker({\n            beforeShowDay: function(date) {\n              dateFormat = date.getFullYear() + \"-\" + date.getMonth() + \"-0\" + date.getDate();\n\n              dateFormat = date.getFullYear() + \"-\";\n              dateFormat += (date.getMonth()+1).toString().length == 1 ? \"0\"+(date.getMonth()+1)+\"-\" : (date.getMonth()+1)+\"-\";\n              dateFormat += date.getDate().toString().length == 1 ? \"0\"+date.getDate() : date.getDate();\n\n              for(var i = 0; i < datesEvents.length ; i++){\n                if (dateFormat == datesEvents[i]) {\n                  inRange = true;\n                  return {classes: \"active\", tooltip: datesEvents[i] };\n                }\n              }\n\n            },\n  \t\t\t\t  language: \"es\",\n  \t\t\t\t  todayHighlight: true,\n            icons: {\n              previous: \"fa fa-caret-left\",\n              next: \"ico-arrow-right\",\n            }\n  \t\t\t\t});\n\n\n\n          \/*jQuery(\"#datepicker\").datepicker(\"update\", hoy);*\/\n          jQuery(\"th.prev\").html(\"<i class=\\\"ico-arrow-left\\\"><\/i>\");\n          jQuery(\"th.next\").html(\"<i class=\\\"ico-arrow-right\\\"><\/i>\");\n        });\n\n        jQuery(document).on(\"changeDate\", \"#datepicker\", function(){\n          var fecha_seleccionada = jQuery(this).data().datepicker.getFormattedDate(\"yyyy-mm-dd\");\n          var fecha_seleccionada_object = \"\";\n          var hay_eventos = 0;\n\n          jQuery(\"#popup_selected\").hide();\n\n          jQuery(\"td.active.day\").each(function(){\n            var fecha_resaltada = jQuery(this).attr(\"title\");\n            if(fecha_resaltada == fecha_seleccionada){\n              fecha_seleccionada_object = jQuery(this);\n              hay_eventos = 1;\n            }\n          });\n\n          jQuery.ajax({\n           url: MyAjax.url,\n           type: \"post\",\n           dataType: \"json\",\n           data: {\n             action: \"carga_eventos_home_by_fecha\",\n             fecha_evento: fecha_seleccionada,\n             lang: \"ca\"\n           }\n          }).always(function(data){\n            if(hay_eventos){\n              jQuery(\"#popup_selected\").show().offset({ top: fecha_seleccionada_object.offset().top + 50, left: fecha_seleccionada_object.offset().left -85 }).html(data.responseText);\n            }\n          });\n\n        });\n      <\/script><script src=\"https:\/\/cdnjs.cloudflare.com\/ajax\/libs\/bootstrap-datepicker\/1.6.4\/js\/bootstrap-datepicker.min.js\"><\/script><script src=\"https:\/\/cdnjs.cloudflare.com\/ajax\/libs\/bootstrap-datepicker\/1.6.4\/locales\/bootstrap-datepicker.nl.min.js\"><\/script><link href=\"https:\/\/cdnjs.cloudflare.com\/ajax\/libs\/bootstrap-datepicker\/1.6.4\/css\/bootstrap-datepicker.standalone.min.css\" rel=\"stylesheet\"\/>[\/vc_column_inner][\/vc_row_inner][\/vc_column][\/vc_row][vc_row el_class=&#8221;empresa-pasando mas_formacion&#8221;][vc_column][vc_column_text el_class=&#8221;animacion_left&#8221;]<\/p>\n<h6 class=\"wrap-title\">M\u00c9S FORMACI\u00d3<\/h6>\n<p>[\/vc_column_text][vc_row_inner el_class=&#8221;cultura_bottom cultura_nosotros&#8221;][vc_column_inner el_class=&#8221;etica&#8221; width=&#8221;1\/3&#8243;][vc_raw_html]JTNDYSUyMGhyZWYlM0QlMjIlMkZjYSUyRnN1cG9ydCUyRmZvcm1hY2lvJTJGbm90ZWJvb2tzJTJGJTIyJTNFJTBBJTNDZGl2JTIwY2xhc3MlM0QlMjJpdGVtJTIwZ2VuZXJhbCUyMGFuaW1hY2lvbl9jYWphJTIyJTNFJTBBJTBBJTNDZGl2JTIwY2xhc3MlM0QlMjJkZXRhaWxzJTIyJTNFJTBBJTNDaSUyMHN0eWxlJTNEJTIyY29sb3IlM0F3aGl0ZSUzQiUyMiUyMGNsYXNzJTNEJTIyaWNvLXBhcGVyY2xpcCUyMiUzRSUzQyUyRmklM0UlMEElM0NoNCUyMGNsYXNzJTNEJTIydGl0dWxvX3BhZ2UlMjBzbWFsbCUyMiUzRU5vdGVib29rcyUzQyUyRmg0JTNFJTBBJTNDcCUyMGNsYXNzJTNEJTIyZW5sYWNlJTIyJTNFUmVjdXJzb3MlMjBpJTIwY29uY2VwdGVzJTIwY2xhdSUyMHNvYnJlJTIwZWwlMjBub3N0cmUlMjBzZWN0b3IlM0NpJTIwY2xhc3MlM0QlMjJpY28tYXJyb3ctcmlnaHQlMjIlM0UlM0MlMkZpJTNFJTNDJTJGcCUzRSUwQSUzQyUyRmRpdiUzRSUwQSUwQSUzQyUyRmRpdiUzRSUwQSUzQyUyRmElM0U=[\/vc_raw_html][\/vc_column_inner][vc_column_inner width=&#8221;1\/3&#8243;][vc_raw_html]JTNDYSUyMGhyZWYlM0QlMjIlMkZjYSUyRnN1cG9ydCUyRmZvcm1hY2lvLWVuLWxpbmlhLWktcHJlc2VuY2lhbCUyRiUyMiUzRSUwQSUzQ2RpdiUyMGNsYXNzJTNEJTIyaXRlbSUyMGdlbmVyYWwlMjBhbmltYWNpb25fY2FqYSUyMiUzRSUwQSUwQSUzQ2RpdiUyMGNsYXNzJTNEJTIyZGV0YWlscyUyMiUzRSUwQSUzQ2klMjBjbGFzcyUzRCUyMmljby1wbGF5JTIyJTNFJTNDJTJGaSUzRSUwQSUzQ2g0JTIwY2xhc3MlM0QlMjJ0aXR1bG9fcGFnZSUyMHNtYWxsJTIyJTNFQXJ4aXUlMjBkZSUyMGZvcm1hY2lvbnMlM0MlMkZoNCUzRSUwQSUzQ3AlMjBjbGFzcyUzRCUyMmVubGFjZSUyMiUzRU1pcmV1JTIwYWxndW5zJTIwZGVscyUyMHNlbWluYXJpcyUyMHdlYiUyMGphJTIwY29tcGxldGF0cyUyMCUzQ2klMjBjbGFzcyUzRCUyMmljby1hcnJvdy1yaWdodCUyMiUzRSUzQyUyRmklM0UlM0MlMkZwJTNFJTBBJTNDJTJGZGl2JTNFJTBB[\/vc_raw_html][\/vc_column_inner][vc_column_inner width=&#8221;1\/3&#8243;][vc_raw_html]JTNDYSUyMGhyZWYlM0QlMjIlMkZjYSUyRnN1cG9ydCUyRnZpZGVvdHV0b3JpYWxzJTJGJTIyJTNFJTBBJTNDZGl2JTIwY2xhc3MlM0QlMjJpdGVtJTIwZ2VuZXJhbCUyMGFuaW1hY2lvbl9jYWphJTIyJTNFJTBBJTBBJTNDZGl2JTIwY2xhc3MlM0QlMjJkZXRhaWxzJTIyJTNFJTBBJTNDaSUyMGNsYXNzJTNEJTIyaWNvLXBsYXklMjIlM0UlM0MlMkZpJTNFJTBBJTNDaDQlMjBjbGFzcyUzRCUyMnRpdHVsb19wYWdlJTIwc21hbGwlMjIlM0VWaWRlb3R1dG9yaWFscyUzQyUyRmg0JTNFJTBBJTNDcCUyMGNsYXNzJTNEJTIyZW5sYWNlJTIyJTNFSW5zdGFsJUMyJUI3bGV1JTIwYW1iJTIwdiVDMyVBRGRlb3MlMjBjJUMzJUIybW9kZXMlMjAlMjAlM0NpJTIwY2xhc3MlM0QlMjJpY28tYXJyb3ctcmlnaHQlMjIlM0UlM0MlMkZpJTNFJTNDJTJGcCUzRSUwQSUzQyUyRmRpdiUzRSUwQSUwQSUzQyUyRmRpdiUzRSUwQSUzQyUyRmElM0U=[\/vc_raw_html][\/vc_column_inner][\/vc_row_inner][\/vc_column][\/vc_row][vc_row el_class=&#8221;bottom_cat_sector&#8221;][vc_column width=&#8221;1\/2&#8243;][vc_column_text el_class=&#8221;animacion_left&#8221;]<\/p>\n<h6 class=\"wrap-title\">BUTLLET\u00cd D\u2019INFORMACI\u00d3<\/h6>\n<p>[\/vc_column_text][vc_row_inner el_class=&#8221;newsletter_cat_sector&#8221;][vc_column_inner][vc_column_text el_class=&#8221;titulo&#8221;]<strong>Estigueu al dia.<\/strong><br \/>\nSubscriviu-vos al nostre butllet\u00ed d\u2019informaci\u00f3.[\/vc_column_text][vc_column_text el_class=&#8221;subtitulo&#8221;]Vull rebre not\u00edcies i informaci\u00f3 comercial de CIRCUTOR a trav\u00e9s de correu electr\u00f2nic.<br \/>\n<script src=\"\/\/info.circutor.es\/js\/forms2\/js\/forms2.min.js\"><\/script><\/p>\n<form id=\"mktoForm_1012\"><\/form>\n<p><script>MktoForms2.loadForm(\"\/\/info.circutor.es\", \"940-CSD-667\", 1012);<\/script>[\/vc_column_text][\/vc_column_inner][\/vc_row_inner][\/vc_column][vc_column width=&#8221;1\/2&#8243;][vc_column_text el_class=&#8221;animacion_left&#8221;]<\/p>\n<h6 class=\"wrap-title\">ASSIST\u00c8NCIA<\/h6>\n<p>[\/vc_column_text][vc_raw_html el_class=&#8221;asistencia_cat_sector&#8221;]JTNDYSUyMGhyZWYlM0QlMjIlMkZjYSUyRmNvbnRhY3RlJTJGJTIyJTNFJTBBJTNDZGl2JTIwY2xhc3MlM0QlMjJpdGVtJTIwZ2VuZXJhbCUyMGFuaW1hY2lvbl9jYWphJTIyJTNFJTBBJTNDZGl2JTIwY2xhc3MlM0QlMjJpbWFnZW4tYm9yZGUlMjIlM0UlMEElM0NpbWclMjBzcmMlM0QlMjIlMkZ3cC1jb250ZW50JTJGdXBsb2FkcyUyRjIwMjAlMkYxMiUyRmFzaXN0ZW5jaWEuanBnJTIyJTNFJTBBJTNDJTJGZGl2JTNFJTBBJTNDZGl2JTIwY2xhc3MlM0QlMjJkZXRhaWxzJTIyJTNFJTBBJTNDcCUyMGNsYXNzJTNEJTIydGl0dWxvX3BhZ2UlMjIlM0UlM0NzdHJvbmclM0VBJTIwQ0lSQ1VUT1IlMjBzb20lMjBhcXUlQzMlQUQlMjBwZXIlMjBhanVkYXItdm9zLiUyMFNpJTIwdGVuaXUlMjBhbGd1bmElMjBwcmVndW50YSUyQyUyMHBhcmxlbS1uZS4lM0MlMjEtLSUyMHdwbWwlM0FodG1sX2ZyYWdtZW50JTIwJTNDJTJGcCUzRSUyMC0tJTNFJTBBJTNDcCUyMGNsYXNzJTNEJTIyZW5sYWNlJTIyJTNFUGFybGV1JTIwYW1iJTIwdW4lMjBlc3BlY2lhbGlzdGElMjAlM0NpJTIwY2xhc3MlM0QlMjJpY28tYXJyb3ctcmlnaHQlMjIlM0UlM0MlMkZpJTNFJTNDJTJGcCUzRSUwQSUzQyUyRmRpdiUzRSUwQSUwQSUzQyUyRmRpdiUzRSUwQSUzQyUyRmElM0U=[\/vc_raw_html][\/vc_column][\/vc_row]<\/p>\n","protected":false},"excerpt":{"rendered":"<p>[vc_row full_width=&#8221;stretch_row&#8221; el_class=&#8221;banner_pagina_texto&#8221; css=&#8221;.vc_custom_1649256889503{background-image: url(https:\/\/circutor.com\/wp-content\/uploads\/2022\/04\/FC_Circutor_2203_1874-1.jpg?id=17707) !important;background-position: center !important;background-repeat: no-repeat !important;background-size: cover !important;}&#8221;][vc_column css=&#8221;.vc_custom_1605620904006{padding-top: 0px !important;}&#8221;][vc_row_inner el_class=&#8221;breadcrumb&#8221;][vc_column_inner][\/vc_column_inner][\/vc_row_inner][vc_row_inner][vc_column_inner width=&#8221;1\/2&#8243;][vc_column_text] Formaci\u00f3 cont\u00ednua Vivim temps en qu\u00e8 la tecnologia, la innovaci\u00f3 i la informaci\u00f3 canvien i circulen cada vegada amb m\u00e9s agilitat. A Circutor ens adaptem per oferir formacions en l\u00ednia constants i esdeveniments centrats en preparar els creadors [&hellip;]<\/p>\n","protected":false},"author":3,"featured_media":0,"parent":26944,"menu_order":0,"comment_status":"closed","ping_status":"closed","template":"","meta":[],"acf":[],"yoast_head":"<!-- This site is optimized with the Yoast SEO plugin v19.4 - https:\/\/yoast.com\/wordpress\/plugins\/seo\/ -->\n<title>Formaci\u00f3 - CIRCUTOR<\/title>\n<meta name=\"robots\" content=\"index, follow, max-snippet:-1, max-image-preview:large, max-video-preview:-1\" \/>\n<link rel=\"canonical\" href=\"https:\/\/circutor.com\/ca\/suport\/formacio\/\" \/>\n<meta property=\"og:locale\" content=\"ca_ES\" \/>\n<meta property=\"og:type\" content=\"article\" \/>\n<meta property=\"og:title\" content=\"Formaci\u00f3 - CIRCUTOR\" \/>\n<meta property=\"og:description\" content=\"[vc_row full_width=&#8221;stretch_row&#8221; el_class=&#8221;banner_pagina_texto&#8221; css=&#8221;.vc_custom_1649256889503{background-image: url(https:\/\/circutor.com\/wp-content\/uploads\/2022\/04\/FC_Circutor_2203_1874-1.jpg?id=17707) !important;background-position: center !important;background-repeat: no-repeat !important;background-size: cover !important;}&#8221;][vc_column css=&#8221;.vc_custom_1605620904006{padding-top: 0px !important;}&#8221;][vc_row_inner el_class=&#8221;breadcrumb&#8221;][vc_column_inner][\/vc_column_inner][\/vc_row_inner][vc_row_inner][vc_column_inner width=&#8221;1\/2&#8243;][vc_column_text] Formaci\u00f3 cont\u00ednua Vivim temps en qu\u00e8 la tecnologia, la innovaci\u00f3 i la informaci\u00f3 canvien i circulen cada vegada amb m\u00e9s agilitat. A Circutor ens adaptem per oferir formacions en l\u00ednia constants i esdeveniments centrats en preparar els creadors [&hellip;]\" \/>\n<meta property=\"og:url\" content=\"https:\/\/circutor.com\/ca\/suport\/formacio\/\" \/>\n<meta property=\"og:site_name\" content=\"CIRCUTOR\" \/>\n<meta property=\"article:publisher\" content=\"https:\/\/www.facebook.com\/CIRCUTOR.ES\" \/>\n<meta property=\"og:image\" content=\"https:\/\/circutor.com\/wp-content\/uploads\/2022\/07\/Circutor_Logo_Color.png\" \/>\n\t<meta property=\"og:image:width\" content=\"1299\" \/>\n\t<meta property=\"og:image:height\" content=\"354\" \/>\n\t<meta property=\"og:image:type\" content=\"image\/png\" \/>\n<meta name=\"twitter:card\" content=\"summary_large_image\" \/>\n<meta name=\"twitter:site\" content=\"@circutor\" \/>\n<meta name=\"twitter:label1\" content=\"Temps estimat de lectura\" \/>\n\t<meta name=\"twitter:data1\" content=\"1 minut\" \/>\n<script type=\"application\/ld+json\" class=\"yoast-schema-graph\">{\"@context\":\"https:\/\/schema.org\",\"@graph\":[{\"@type\":\"Organization\",\"@id\":\"https:\/\/circutor.com\/#organization\",\"name\":\"Circutor\",\"url\":\"https:\/\/circutor.com\/\",\"sameAs\":[\"https:\/\/www.instagram.com\/circutor_es\",\"https:\/\/www.linkedin.com\/company\/circutor\",\"https:\/\/www.youtube.com\/user\/CIRCUTORoficial\",\"https:\/\/www.facebook.com\/CIRCUTOR.ES\",\"https:\/\/twitter.com\/circutor\"],\"logo\":{\"@type\":\"ImageObject\",\"inLanguage\":\"ca\",\"@id\":\"https:\/\/circutor.com\/#\/schema\/logo\/image\/\",\"url\":\"https:\/\/circutor.com\/wp-content\/uploads\/2020\/09\/CIR_LOGO_RED.png\",\"contentUrl\":\"https:\/\/circutor.com\/wp-content\/uploads\/2020\/09\/CIR_LOGO_RED.png\",\"width\":512,\"height\":128,\"caption\":\"Circutor\"},\"image\":{\"@id\":\"https:\/\/circutor.com\/#\/schema\/logo\/image\/\"}},{\"@type\":\"WebSite\",\"@id\":\"https:\/\/circutor.com\/#website\",\"url\":\"https:\/\/circutor.com\/\",\"name\":\"CIRCUTOR\",\"description\":\"Soluciones para la eficiencia energ\u00e9tica el\u00e9ctrica\",\"publisher\":{\"@id\":\"https:\/\/circutor.com\/#organization\"},\"potentialAction\":[{\"@type\":\"SearchAction\",\"target\":{\"@type\":\"EntryPoint\",\"urlTemplate\":\"https:\/\/circutor.com\/?s={search_term_string}\"},\"query-input\":\"required name=search_term_string\"}],\"inLanguage\":\"ca\"},{\"@type\":\"WebPage\",\"@id\":\"https:\/\/circutor.com\/ca\/suport\/formacio\/\",\"url\":\"https:\/\/circutor.com\/ca\/suport\/formacio\/\",\"name\":\"Formaci\u00f3 - CIRCUTOR\",\"isPartOf\":{\"@id\":\"https:\/\/circutor.com\/#website\"},\"datePublished\":\"2023-04-14T09:45:56+00:00\",\"dateModified\":\"2023-04-14T09:45:56+00:00\",\"breadcrumb\":{\"@id\":\"https:\/\/circutor.com\/ca\/suport\/formacio\/#breadcrumb\"},\"inLanguage\":\"ca\",\"potentialAction\":[{\"@type\":\"ReadAction\",\"target\":[\"https:\/\/circutor.com\/ca\/suport\/formacio\/\"]}]},{\"@type\":\"BreadcrumbList\",\"@id\":\"https:\/\/circutor.com\/ca\/suport\/formacio\/#breadcrumb\",\"itemListElement\":[{\"@type\":\"ListItem\",\"position\":1,\"name\":\"Portada\",\"item\":\"https:\/\/circutor.com\/ca\/\"},{\"@type\":\"ListItem\",\"position\":2,\"name\":\"Suport\",\"item\":\"https:\/\/circutor.com\/ca\/suport\/\"},{\"@type\":\"ListItem\",\"position\":3,\"name\":\"Formaci\u00f3\"}]}]}<\/script>\n<!-- \/ Yoast SEO plugin. -->","yoast_head_json":{"title":"Formaci\u00f3 - CIRCUTOR","robots":{"index":"index","follow":"follow","max-snippet":"max-snippet:-1","max-image-preview":"max-image-preview:large","max-video-preview":"max-video-preview:-1"},"canonical":"https:\/\/circutor.com\/ca\/suport\/formacio\/","og_locale":"ca_ES","og_type":"article","og_title":"Formaci\u00f3 - CIRCUTOR","og_description":"[vc_row full_width=&#8221;stretch_row&#8221; el_class=&#8221;banner_pagina_texto&#8221; css=&#8221;.vc_custom_1649256889503{background-image: url(https:\/\/circutor.com\/wp-content\/uploads\/2022\/04\/FC_Circutor_2203_1874-1.jpg?id=17707) !important;background-position: center !important;background-repeat: no-repeat !important;background-size: cover !important;}&#8221;][vc_column css=&#8221;.vc_custom_1605620904006{padding-top: 0px !important;}&#8221;][vc_row_inner el_class=&#8221;breadcrumb&#8221;][vc_column_inner][\/vc_column_inner][\/vc_row_inner][vc_row_inner][vc_column_inner width=&#8221;1\/2&#8243;][vc_column_text] Formaci\u00f3 cont\u00ednua Vivim temps en qu\u00e8 la tecnologia, la innovaci\u00f3 i la informaci\u00f3 canvien i circulen cada vegada amb m\u00e9s agilitat. A Circutor ens adaptem per oferir formacions en l\u00ednia constants i esdeveniments centrats en preparar els creadors [&hellip;]","og_url":"https:\/\/circutor.com\/ca\/suport\/formacio\/","og_site_name":"CIRCUTOR","article_publisher":"https:\/\/www.facebook.com\/CIRCUTOR.ES","og_image":[{"width":1299,"height":354,"url":"https:\/\/circutor.com\/wp-content\/uploads\/2022\/07\/Circutor_Logo_Color.png","type":"image\/png"}],"twitter_card":"summary_large_image","twitter_site":"@circutor","twitter_misc":{"Temps estimat de lectura":"1 minut"},"schema":{"@context":"https:\/\/schema.org","@graph":[{"@type":"Organization","@id":"https:\/\/circutor.com\/#organization","name":"Circutor","url":"https:\/\/circutor.com\/","sameAs":["https:\/\/www.instagram.com\/circutor_es","https:\/\/www.linkedin.com\/company\/circutor","https:\/\/www.youtube.com\/user\/CIRCUTORoficial","https:\/\/www.facebook.com\/CIRCUTOR.ES","https:\/\/twitter.com\/circutor"],"logo":{"@type":"ImageObject","inLanguage":"ca","@id":"https:\/\/circutor.com\/#\/schema\/logo\/image\/","url":"https:\/\/circutor.com\/wp-content\/uploads\/2020\/09\/CIR_LOGO_RED.png","contentUrl":"https:\/\/circutor.com\/wp-content\/uploads\/2020\/09\/CIR_LOGO_RED.png","width":512,"height":128,"caption":"Circutor"},"image":{"@id":"https:\/\/circutor.com\/#\/schema\/logo\/image\/"}},{"@type":"WebSite","@id":"https:\/\/circutor.com\/#website","url":"https:\/\/circutor.com\/","name":"CIRCUTOR","description":"Soluciones para la eficiencia energ\u00e9tica el\u00e9ctrica","publisher":{"@id":"https:\/\/circutor.com\/#organization"},"potentialAction":[{"@type":"SearchAction","target":{"@type":"EntryPoint","urlTemplate":"https:\/\/circutor.com\/?s={search_term_string}"},"query-input":"required name=search_term_string"}],"inLanguage":"ca"},{"@type":"WebPage","@id":"https:\/\/circutor.com\/ca\/suport\/formacio\/","url":"https:\/\/circutor.com\/ca\/suport\/formacio\/","name":"Formaci\u00f3 - CIRCUTOR","isPartOf":{"@id":"https:\/\/circutor.com\/#website"},"datePublished":"2023-04-14T09:45:56+00:00","dateModified":"2023-04-14T09:45:56+00:00","breadcrumb":{"@id":"https:\/\/circutor.com\/ca\/suport\/formacio\/#breadcrumb"},"inLanguage":"ca","potentialAction":[{"@type":"ReadAction","target":["https:\/\/circutor.com\/ca\/suport\/formacio\/"]}]},{"@type":"BreadcrumbList","@id":"https:\/\/circutor.com\/ca\/suport\/formacio\/#breadcrumb","itemListElement":[{"@type":"ListItem","position":1,"name":"Portada","item":"https:\/\/circutor.com\/ca\/"},{"@type":"ListItem","position":2,"name":"Suport","item":"https:\/\/circutor.com\/ca\/suport\/"},{"@type":"ListItem","position":3,"name":"Formaci\u00f3"}]}]}},"_links":{"self":[{"href":"https:\/\/circutor.com\/ca\/wp-json\/wp\/v2\/pages\/26930"}],"collection":[{"href":"https:\/\/circutor.com\/ca\/wp-json\/wp\/v2\/pages"}],"about":[{"href":"https:\/\/circutor.com\/ca\/wp-json\/wp\/v2\/types\/page"}],"author":[{"embeddable":true,"href":"https:\/\/circutor.com\/ca\/wp-json\/wp\/v2\/users\/3"}],"replies":[{"embeddable":true,"href":"https:\/\/circutor.com\/ca\/wp-json\/wp\/v2\/comments?post=26930"}],"version-history":[{"count":0,"href":"https:\/\/circutor.com\/ca\/wp-json\/wp\/v2\/pages\/26930\/revisions"}],"up":[{"embeddable":true,"href":"https:\/\/circutor.com\/ca\/wp-json\/wp\/v2\/pages\/26944"}],"wp:attachment":[{"href":"https:\/\/circutor.com\/ca\/wp-json\/wp\/v2\/media?parent=26930"}],"curies":[{"name":"wp","href":"https:\/\/api.w.org\/{rel}","templated":true}]}}