{"id":26928,"date":"2022-12-09T13:53:32","date_gmt":"2022-12-09T11:53:32","guid":{"rendered":"https:\/\/circutor.com\/?page_id=26928"},"modified":"2022-12-09T13:54:29","modified_gmt":"2022-12-09T11:54:29","slug":"politica-de-galetes","status":"publish","type":"page","link":"https:\/\/circutor.com\/ca\/politica-de-galetes\/","title":{"rendered":"Pol\u00edtica de galetes"},"content":{"rendered":"<p>[vc_row][vc_column][vc_column_text]<\/p>\n<h3>Pol\u00edtica de galetes<\/h3>\n<p>D&#8217;acord amb el Reglament europeu 2016\/679 de protecci\u00f3 de dades de car\u00e0cter personal, us comuniquem que el responsable de tractament de les dades personals que introdu\u00efu en aquesta p\u00e0gina web \u00e9s CIRCUTOR, SA, i accepteu la pol\u00edtica de privadesa i el seu av\u00eds legal.<\/p>\n<p>Utilitzem galetes pr\u00f2pies i de tercers per millorar els nostres serveis i mostrar-vos informaci\u00f3 relacionada amb les vostres prefer\u00e8ncies mitjan\u00e7ant l&#8217;an\u00e0lisi dels vostres h\u00e0bits de navegaci\u00f3. Si continueu navegant, considerem que n\u2019accepteu l\u2019\u00fas. Per canviar la configuraci\u00f3 o obtenir m\u00e9s informaci\u00f3, seguiu llegint aquest apartat.<\/p>\n<p><strong>Qu\u00e8 s\u00f3n les galetes i per a qu\u00e8 s&#8217;utilitzen<\/strong><\/p>\n<p>Una galeta \u00e9s un fitxer que cont\u00e9 una petita informaci\u00f3 que \u00e9s enviada per un lloc web i emmagatzemada en el navegador de l&#8217;usuari. D&#8217;aquesta manera, el lloc web pot recollir certes dades i informacions sobre la navegaci\u00f3 de l&#8217;usuari per poder optimitzar la navegaci\u00f3 i oferir serveis complementaris.<\/p>\n<p>CIRCUTOR utilitza galetes quan un usuari navega per la seva p\u00e0gina web. Aquestes galetes s&#8217;associen a un usuari an\u00f2nim i el seu ordinador. Les galetes permeten a CIRCUTOR recon\u00e8ixer els usuaris que accedeixin a la seva p\u00e0gina web, amb l&#8217;\u00fanica finalitat de facilitar-los la navegaci\u00f3. En qualsevol cas, l&#8217;usuari pot configurar el seu navegador per ser avisat de la recepci\u00f3 de galetes i impedir-ne la instal\u00b7laci\u00f3 en el disc dur (seguiu llegint per saber com).<br \/>\nEntre la informaci\u00f3 que emmagatzemen aquestes galetes hi ha les dades referents a la navegaci\u00f3 intr\u00ednseca en un lloc web (p\u00e0gines visitades, opcions seleccionades, etc.).<\/p>\n<p><strong>Quins tipus de galetes utilitza aquesta p\u00e0gina web?<\/strong><\/p>\n<ul>\n<li>Galetes pr\u00f2pies: s\u00f3n aquelles que s&#8217;envien a l&#8217;equip terminal de l&#8217;usuari des d&#8217;un equip o domini gestionat pel mateix editor i des del qual es presta el servei sol\u00b7licitat per l&#8217;usuari.<\/li>\n<li>Galetes de tercer: s\u00f3n aquelles que s&#8217;envien a l&#8217;equip terminal de l&#8217;usuari des d&#8217;un equip o domini que no \u00e9s gestionat per l&#8217;editor, sin\u00f3 per una altra entitat que tracta les dades obtingudes trav\u00e9s de les galetes.<\/li>\n<li>Galetes de sessi\u00f3: s\u00f3n un tipus de galetes dissenyades per recaptar i emmagatzemar dades mentre l&#8217;usuari accedeix a una p\u00e0gina web.<\/li>\n<li>Galetes persistents: s\u00f3n un tipus de galetes en qu\u00e8 les dades segueixen emmagatzemades en el terminal i s\u2019hi pot accedir i es poden tractar durant un per\u00edode definit pel responsable de la galeta, i que pot anar d&#8217;uns minuts a diversos anys.<\/li>\n<li>Galetes d&#8217;an\u00e0lisi: s\u00f3n aquelles que, tractades per nosaltres o per tercers, ens permeten quantificar el nombre d&#8217;usuaris i realitzar el mesurament i l\u2019an\u00e0lisi estad\u00edstica de la utilitzaci\u00f3 que fan els usuaris del servei ofert.<\/li>\n<\/ul>\n<p>Per a aix\u00f2 s&#8217;analitza la seva navegaci\u00f3 a la nostra p\u00e0gina web, amb la finalitat de millorar l&#8217;oferta de productes o serveis que oferim.<\/p>\n<p><strong>Qu\u00e8 passa si accepteu les galetes<\/strong><\/p>\n<p>Si teniu les galetes activades en el vostre navegador, utilitzarem aquesta informaci\u00f3 per millorar la vostra experi\u00e8ncia de navegaci\u00f3 a trav\u00e9s del nostre lloc.<\/p>\n<p><strong>Qu\u00e8 passa si desinstal\u00b7leu o esborreu les galetes<\/strong><\/p>\n<p>Algunes funcionalitats dels serveis quedaran deshabilitades. Tampoc veureu, una vegada que abandoneu la nostra p\u00e0gina, anuncis relacionats amb els productes que heu visitat.<\/p>\n<p><strong>Com desinstal\u00b7lar les galetes o rebutjar-les en la vostra navegaci\u00f3<\/strong><\/p>\n<p>Tots els navegadors actuals permeten canviar la configuraci\u00f3 de galetes. Aquests ajustaments normalment es troben en les &#8216;opcions&#8217; o &#8216;prefer\u00e8ncies&#8217; del men\u00fa del vostre navegador. A continuaci\u00f3 trobareu una petita ajuda sobre com actuar en cada navegador (\u00fanicament s&#8217;inclouen navegadors majorment reconeguts)<\/p>\n<ul>\n<li><strong>Internet Explorer<\/strong>: Eines &#8211; & gt; Opcions d&#8217;Internet &#8211; & gt; Privadesa &#8211; & gt; Configuraci\u00f3. Per a m\u00e9s informaci\u00f3, podeu consultar el suport de Microsoft o l&#8217;ajuda del navegador.<\/li>\n<li>Firefox: Eines &#8211; & gt; Opcions &#8211; & gt; Privadesa &#8211; & gt; Historial &#8211; & gt; Configuraci\u00f3 personalitzada. Per a m\u00e9s informaci\u00f3, podeu consultar el suport de Mozilla o l&#8217;ajuda del navegador.<\/li>\n<li>Chrome: Configuraci\u00f3 &#8211; & gt; Mostrar opcions avan\u00e7ades &#8211; & gt; Privadesa &#8211; & gt; Configuraci\u00f3 de contingut. Per a m\u00e9s informaci\u00f3, podeu consultar el suport de Google o l&#8217;ajuda del navegador.<\/li>\n<li>Safari: Prefer\u00e8ncies &#8211; & gt; Seguretat. Per a m\u00e9s informaci\u00f3, podeu consultar el suport d&#8217;Apple o l&#8217;ajuda del navegador.<\/li>\n<\/ul>\n<p>[\/vc_column_text][vc_column_text css=&#8221;.vc_custom_1670586806646{margin-top: 20px !important;}&#8221;]<\/p>\n<h3><strong>ANNEX I<\/strong><\/h3>\n<p><strong>LLISTA DE GALETES<\/strong><\/p>\n<p><strong>Galetes del lloc Web <\/strong><a href=\"https:\/\/circutor.com\/\"><strong>https:\/\/circutor.com\/<\/strong><\/a><strong>\u00a0 <\/strong><\/p>\n<table style=\"width: 100%; border-color: #f3f4f5;\" border=\"1\" cellpadding=\"10\">\n<tbody>\n<tr>\n<td style=\"vertical-align: top; background-color: #dedede;\" width=\"88\"><span style=\"font-size: 10pt;\"><strong>Galeta<\/strong><\/span><\/td>\n<td style=\"vertical-align: top; background-color: #dedede;\" width=\"104\"><span style=\"font-size: 10pt;\"><strong>Entitat que gestiona <\/strong><\/span><\/td>\n<td style=\"vertical-align: top; background-color: #dedede;\" width=\"262\"><span style=\"font-size: 10pt;\"><strong>Descripci\u00f3<\/strong><\/span><\/td>\n<td style=\"vertical-align: top; background-color: #dedede;\" width=\"69\"><span style=\"font-size: 10pt;\"><strong>Durada<\/strong><\/span><\/td>\n<td style=\"vertical-align: top; background-color: #dedede;\" width=\"73\"><span style=\"font-size: 10pt;\"><strong>Tipus<\/strong><\/span><\/td>\n<td style=\"vertical-align: top; background-color: #dedede;\" width=\"66\"><span style=\"font-size: 10pt;\"><strong>Essencial\u00a0\u00a0 <\/strong><\/span><\/td>\n<\/tr>\n<tr>\n<td style=\"vertical-align: top;\" width=\"88\"><span style=\"font-size: 10pt;\"><strong>__cf_bm<\/strong><\/span><\/td>\n<td style=\"vertical-align: top;\" width=\"104\"><span style=\"font-size: 10pt;\">Info.circutor.es<\/span><\/td>\n<td style=\"vertical-align: top;\" width=\"262\"><span style=\"font-size: 10pt;\">Aquesta galeta s\u2019utilitza per distingir entre humans i bots. Aix\u00f2 \u00e9s benefici\u00f3s per al lloc web amb l\u2019objecte d\u2019elaborar informes v\u00e0lids sobre l\u2019\u00fas del lloc web. <\/span><\/td>\n<td style=\"vertical-align: top;\" width=\"69\"><span style=\"font-size: 10pt;\">1 dia<\/span><\/td>\n<td style=\"vertical-align: top;\" width=\"73\"><span style=\"font-size: 10pt;\">T\u00e8cnica<\/span><\/td>\n<td style=\"vertical-align: top;\" width=\"66\"><span style=\"font-size: 10pt;\">Necessari<\/span><\/td>\n<\/tr>\n<tr>\n<td style=\"vertical-align: top; background-color: #f3f4f5;\" width=\"88\"><span style=\"font-size: 10pt;\"><strong>__cf_bm<\/strong><\/span><\/td>\n<td style=\"vertical-align: top; background-color: #f3f4f5;\" width=\"104\"><span style=\"font-size: 10pt;\">Myfonts.net<\/span><\/td>\n<td style=\"vertical-align: top; background-color: #f3f4f5;\" width=\"262\"><span style=\"font-size: 10pt;\">Aquesta galeta s\u2019utilitza per distingir entre humans i bots. Aix\u00f2 \u00e9s benefici\u00f3s per al lloc web amb l\u2019objecte d\u2019elaborar informes v\u00e0lids sobre l\u2019\u00fas del lloc web. <\/span><\/td>\n<td style=\"vertical-align: top; background-color: #f3f4f5;\" width=\"69\"><span style=\"font-size: 10pt;\">1 dia<\/span><\/td>\n<td style=\"vertical-align: top; background-color: #f3f4f5;\" width=\"73\"><span style=\"font-size: 10pt;\">T\u00e8cnica<\/span><\/td>\n<td style=\"vertical-align: top; background-color: #f3f4f5;\" width=\"66\"><span style=\"font-size: 10pt;\">Necessari<\/span><\/td>\n<\/tr>\n<tr>\n<td style=\"vertical-align: top;\" width=\"88\"><span style=\"font-size: 10pt;\"><strong>BIGipServer#<\/strong><\/span><\/td>\n<td style=\"vertical-align: top;\" width=\"104\"><span style=\"font-size: 10pt;\">Info.circutor.es<\/span><\/td>\n<td style=\"vertical-align: top;\" width=\"262\"><span style=\"font-size: 10pt;\">Aquesta galeta s\u2019utilitza per distribuir el tr\u00e0nsit al lloc web en diversos servidors per optimitzar els temps de resposta. <\/span><\/td>\n<td style=\"vertical-align: top;\" width=\"69\"><span style=\"font-size: 10pt;\">Sessi\u00f3<\/span><\/td>\n<td style=\"vertical-align: top;\" width=\"73\"><span style=\"font-size: 10pt;\">T\u00e8cnica<\/span><\/td>\n<td style=\"vertical-align: top;\" width=\"66\"><span style=\"font-size: 10pt;\">Necessari<\/span><\/td>\n<\/tr>\n<tr>\n<td style=\"vertical-align: top; background-color: #f3f4f5;\" width=\"88\"><span style=\"font-size: 10pt;\"><strong>CONSENT<\/strong><\/span><\/td>\n<td style=\"vertical-align: top; background-color: #f3f4f5;\" width=\"104\"><span style=\"font-size: 10pt;\">youtube.com<\/span><\/td>\n<td style=\"vertical-align: top; background-color: #f3f4f5;\" width=\"262\"><span style=\"font-size: 10pt;\">Aquesta galeta s\u2019utilitza per detectar si el visitant ha acceptat la categoria \u201cm\u00e0rqueting\u201d a la galeta \u201cbanner\u201d. Aquesta galeta \u00e9s necess\u00e0ria per al compliment del RGPD del lloc web.<\/span><\/td>\n<td style=\"vertical-align: top; background-color: #f3f4f5;\" width=\"69\"><span style=\"font-size: 10pt;\">2 anys<\/span><\/td>\n<td style=\"vertical-align: top; background-color: #f3f4f5;\" width=\"73\"><span style=\"font-size: 10pt;\">T\u00e8cnica<\/span><\/td>\n<td style=\"vertical-align: top; background-color: #f3f4f5;\" width=\"66\"><span style=\"font-size: 10pt;\">Necessari<\/span><\/td>\n<\/tr>\n<tr>\n<td style=\"vertical-align: top;\" width=\"88\"><span style=\"font-size: 10pt;\"><strong>PHPSESSID<\/strong><\/span><\/td>\n<td style=\"vertical-align: top;\" width=\"104\"><span style=\"font-size: 10pt;\">Circutor.com<\/span><\/td>\n<td style=\"vertical-align: top;\" width=\"262\"><span style=\"font-size: 10pt;\">Aquesta galeta conserva els estats dels usuaris en totes les peticions de la p\u00e0gina. <\/span><\/td>\n<td style=\"vertical-align: top;\" width=\"69\"><span style=\"font-size: 10pt;\">Sessi\u00f3<\/span><\/td>\n<td style=\"vertical-align: top;\" width=\"73\"><span style=\"font-size: 10pt;\">T\u00e8cnica<\/span><\/td>\n<td style=\"vertical-align: top;\" width=\"66\"><span style=\"font-size: 10pt;\">Necessari<\/span><\/td>\n<\/tr>\n<tr>\n<td style=\"vertical-align: top; background-color: #f3f4f5;\" width=\"88\"><span style=\"font-size: 10pt;\"><strong>wp-wpml_cirrent_language<\/strong><\/span><\/td>\n<td style=\"vertical-align: top; background-color: #f3f4f5;\" width=\"104\"><span style=\"font-size: 10pt;\">Circutor.com<\/span><\/td>\n<td style=\"vertical-align: top; background-color: #f3f4f5;\" width=\"262\"><span style=\"font-size: 10pt;\">Aquesta galeta designa el codi del pa\u00eds, que es calcula segons l\u2019adre\u00e7a d\u2019IP de l&#8217;usuari. S\u2019utilitza per determinar quin idioma s\u2019hauria d\u2019utilitzar per als usuaris. <\/span><\/td>\n<td style=\"vertical-align: top; background-color: #f3f4f5;\" width=\"69\"><span style=\"font-size: 10pt;\">1 dia<\/span><\/td>\n<td style=\"vertical-align: top; background-color: #f3f4f5;\" width=\"73\"><span style=\"font-size: 10pt;\">Prefer\u00e8ncia<\/span><\/td>\n<td style=\"vertical-align: top; background-color: #f3f4f5;\" width=\"66\"><span style=\"font-size: 10pt;\">No Necessari<\/span><\/td>\n<\/tr>\n<tr>\n<td style=\"vertical-align: top;\" width=\"88\"><span style=\"font-size: 10pt;\"><strong>_ga<\/strong><\/span><\/td>\n<td style=\"vertical-align: top;\" width=\"104\"><span style=\"font-size: 10pt;\">Circutor.com<\/span><\/td>\n<td style=\"vertical-align: top;\" width=\"262\"><span style=\"font-size: 10pt;\">Aquesta galeta registra una identificaci\u00f3 \u00fanica per generar estad\u00edstiques sobre l\u2019\u00fas del lloc web per part dels usuaris.<\/span><\/td>\n<td style=\"vertical-align: top;\" width=\"69\"><span style=\"font-size: 10pt;\">2 anys<\/span><\/td>\n<td style=\"vertical-align: top;\" width=\"73\"><span style=\"font-size: 10pt;\">Anal\u00edtica<\/span><\/td>\n<td style=\"vertical-align: top;\" width=\"66\"><span style=\"font-size: 10pt;\">No Necessari<\/span><\/td>\n<\/tr>\n<tr>\n<td style=\"vertical-align: top; background-color: #f3f4f5;\" width=\"88\"><span style=\"font-size: 10pt;\"><strong>_gat<\/strong><\/span><\/td>\n<td style=\"vertical-align: top; background-color: #f3f4f5;\" width=\"104\"><span style=\"font-size: 10pt;\">Circutor.com<\/span><\/td>\n<td style=\"vertical-align: top; background-color: #f3f4f5;\" width=\"262\"><span style=\"font-size: 10pt;\">Aquesta galeta \u00e9s utilitzada per Google Analytics per controlar la taxa de peticions. <\/span><\/td>\n<td style=\"vertical-align: top; background-color: #f3f4f5;\" width=\"69\"><span style=\"font-size: 10pt;\">1 dia<\/span><\/td>\n<td style=\"vertical-align: top; background-color: #f3f4f5;\" width=\"73\"><span style=\"font-size: 10pt;\">Anal\u00edtica<\/span><\/td>\n<td style=\"vertical-align: top; background-color: #f3f4f5;\" width=\"66\"><span style=\"font-size: 10pt;\">No Necessari<\/span><\/td>\n<\/tr>\n<tr>\n<td style=\"vertical-align: top;\" width=\"88\"><span style=\"font-size: 10pt;\"><strong>_gid<\/strong><\/span><\/td>\n<td style=\"vertical-align: top;\" width=\"104\"><span style=\"font-size: 10pt;\">Circutor.com<\/span><\/td>\n<td style=\"vertical-align: top;\" width=\"262\"><span style=\"font-size: 10pt;\">Aquesta galeta registra un identificador \u00fanic que s\u2019utilitza per generar dades estad\u00edstiques sobre l\u2019\u00fas que el visitant fa del lloc web.<\/span><\/td>\n<td style=\"vertical-align: top;\" width=\"69\"><span style=\"font-size: 10pt;\">1 dia<\/span><\/td>\n<td style=\"vertical-align: top;\" width=\"73\"><span style=\"font-size: 10pt;\">Anal\u00edtica<\/span><\/td>\n<td style=\"vertical-align: top;\" width=\"66\"><span style=\"font-size: 10pt;\">No Necessari<\/span><\/td>\n<\/tr>\n<tr>\n<td style=\"vertical-align: top; background-color: #f3f4f5;\" width=\"88\"><span style=\"font-size: 10pt;\"><strong>_mkto_trk<\/strong><\/span><\/td>\n<td style=\"vertical-align: top; background-color: #f3f4f5;\" width=\"104\"><span style=\"font-size: 10pt;\">Circutor.com<\/span><\/td>\n<td style=\"vertical-align: top; background-color: #f3f4f5;\" width=\"262\"><span style=\"font-size: 10pt;\">Aquesta galeta cont\u00e9 dades del comportament del visitant i la seva interacci\u00f3 amb el web. Aix\u00f2 s\u2019utilitza en context amb el servei de correu electr\u00f2nic m\u00e0rqueting Marketo.com, que permet al web adre\u00e7ar-se als visitants via correu electr\u00f2nic.<\/span><\/td>\n<td style=\"vertical-align: top; background-color: #f3f4f5;\" width=\"69\"><span style=\"font-size: 10pt;\">2 anys<\/span><\/td>\n<td style=\"vertical-align: top; background-color: #f3f4f5;\" width=\"73\"><span style=\"font-size: 10pt;\">Publicit\u00e0ria<\/span><\/td>\n<td style=\"vertical-align: top; background-color: #f3f4f5;\" width=\"66\"><span style=\"font-size: 10pt;\">No Necessari<\/span><\/td>\n<\/tr>\n<tr>\n<td style=\"vertical-align: top;\" width=\"88\"><span style=\"font-size: 10pt;\"><strong>i\/jot<\/strong><\/span><\/td>\n<td style=\"vertical-align: top;\" width=\"104\"><span style=\"font-size: 10pt;\">Twitter<\/span><\/td>\n<td style=\"vertical-align: top;\" width=\"262\"><span style=\"font-size: 10pt;\">Aquesta galeta estableix un identificador \u00fanic per al visitant que permet a anunciants externs (terceres parts) adre\u00e7ar-se al visitant amb publicitat rellevant. Aquest servei combinat est\u00e0 prove\u00eft per un centre de publicitat, que facilita ofertes en temps real als anunciants. <\/span><\/td>\n<td style=\"vertical-align: top;\" width=\"69\"><span style=\"font-size: 10pt;\">Sessi\u00f3<\/span><\/td>\n<td style=\"vertical-align: top;\" width=\"73\"><span style=\"font-size: 10pt;\">Publicit\u00e0ria<\/span><\/td>\n<td style=\"vertical-align: top;\" width=\"66\"><span style=\"font-size: 10pt;\">No Necessari<\/span><\/td>\n<\/tr>\n<tr>\n<td style=\"vertical-align: top; background-color: #f3f4f5;\" width=\"88\"><span style=\"font-size: 10pt;\"><strong>VISITOR_INFO1_LIVE<\/strong><\/span><\/td>\n<td style=\"vertical-align: top; background-color: #f3f4f5;\" width=\"104\"><span style=\"font-size: 10pt;\">youtube.com<\/span><\/td>\n<td style=\"vertical-align: top; background-color: #f3f4f5;\" width=\"262\"><span style=\"font-size: 10pt;\">Aquesta galeta intenta estimar l\u2019amplada de banda de l\u2019usuari en llocs en qu\u00e8 s\u2019han integrat v\u00eddeos de YouTube.<\/span><\/td>\n<td style=\"vertical-align: top; background-color: #f3f4f5;\" width=\"69\"><span style=\"font-size: 10pt;\">179 dies<\/span><\/td>\n<td style=\"vertical-align: top; background-color: #f3f4f5;\" width=\"73\"><span style=\"font-size: 10pt;\">Publicit\u00e0ria<\/span><\/td>\n<td style=\"vertical-align: top; background-color: #f3f4f5;\" width=\"66\"><span style=\"font-size: 10pt;\">No Necessari<\/span><\/td>\n<\/tr>\n<tr>\n<td style=\"vertical-align: top;\" width=\"88\"><span style=\"font-size: 10pt;\"><strong>YSC<\/strong><\/span><\/td>\n<td style=\"vertical-align: top;\" width=\"104\"><span style=\"font-size: 10pt;\">youtube.com<\/span><\/td>\n<td style=\"vertical-align: top;\" width=\"262\"><span style=\"font-size: 10pt;\">Aquesta galeta registra un identificador \u00fanic (ID) per generar estad\u00edstiques de quins v\u00eddeos de YouTube ha vist l\u2019usuari. <\/span><\/td>\n<td style=\"vertical-align: top;\" width=\"69\"><span style=\"font-size: 10pt;\">Sessi\u00f3<\/span><\/td>\n<td style=\"vertical-align: top;\" width=\"73\"><span style=\"font-size: 10pt;\">Publicit\u00e0ria<\/span><\/td>\n<td style=\"vertical-align: top;\" width=\"66\"><span style=\"font-size: 10pt;\">No Necessari<\/span><\/td>\n<\/tr>\n<\/tbody>\n<\/table>\n<p>[\/vc_column_text][\/vc_column][\/vc_row]<\/p>\n","protected":false},"excerpt":{"rendered":"<p>[vc_row][vc_column][vc_column_text] Pol\u00edtica de galetes D&#8217;acord amb el Reglament europeu 2016\/679 de protecci\u00f3 de dades de car\u00e0cter personal, us comuniquem que el responsable de tractament de les dades personals que introdu\u00efu en aquesta p\u00e0gina web \u00e9s CIRCUTOR, SA, i accepteu la pol\u00edtica de privadesa i el seu av\u00eds legal. Utilitzem galetes pr\u00f2pies i de tercers per [&hellip;]<\/p>\n","protected":false},"author":3,"featured_media":0,"parent":0,"menu_order":0,"comment_status":"closed","ping_status":"closed","template":"","meta":[],"acf":[],"yoast_head":"<!-- This site is optimized with the Yoast SEO plugin v19.4 - https:\/\/yoast.com\/wordpress\/plugins\/seo\/ -->\n<title>Pol\u00edtica de galetes - CIRCUTOR<\/title>\n<meta name=\"robots\" content=\"noindex, nofollow\" \/>\n<meta property=\"og:locale\" content=\"ca_ES\" \/>\n<meta property=\"og:type\" content=\"article\" \/>\n<meta property=\"og:title\" content=\"Pol\u00edtica de galetes - CIRCUTOR\" \/>\n<meta property=\"og:description\" content=\"[vc_row][vc_column][vc_column_text] Pol\u00edtica de galetes D&#8217;acord amb el Reglament europeu 2016\/679 de protecci\u00f3 de dades de car\u00e0cter personal, us comuniquem que el responsable de tractament de les dades personals que introdu\u00efu en aquesta p\u00e0gina web \u00e9s CIRCUTOR, SA, i accepteu la pol\u00edtica de privadesa i el seu av\u00eds legal. Utilitzem galetes pr\u00f2pies i de tercers per [&hellip;]\" \/>\n<meta property=\"og:url\" content=\"https:\/\/circutor.com\/ca\/politica-de-galetes\/\" \/>\n<meta property=\"og:site_name\" content=\"CIRCUTOR\" \/>\n<meta property=\"article:publisher\" content=\"https:\/\/www.facebook.com\/CIRCUTOR.ES\" \/>\n<meta property=\"article:modified_time\" content=\"2022-12-09T11:54:29+00:00\" \/>\n<meta property=\"og:image\" content=\"https:\/\/circutor.com\/wp-content\/uploads\/2022\/07\/Circutor_Logo_Color.png\" \/>\n\t<meta property=\"og:image:width\" content=\"1299\" \/>\n\t<meta property=\"og:image:height\" content=\"354\" \/>\n\t<meta property=\"og:image:type\" content=\"image\/png\" \/>\n<meta name=\"twitter:card\" content=\"summary_large_image\" \/>\n<meta name=\"twitter:site\" content=\"@circutor\" \/>\n<meta name=\"twitter:label1\" content=\"Temps estimat de lectura\" \/>\n\t<meta name=\"twitter:data1\" content=\"3 minuts\" \/>\n<script type=\"application\/ld+json\" class=\"yoast-schema-graph\">{\"@context\":\"https:\/\/schema.org\",\"@graph\":[{\"@type\":\"Organization\",\"@id\":\"https:\/\/circutor.com\/#organization\",\"name\":\"Circutor\",\"url\":\"https:\/\/circutor.com\/\",\"sameAs\":[\"https:\/\/www.instagram.com\/circutor_es\",\"https:\/\/www.linkedin.com\/company\/circutor\",\"https:\/\/www.youtube.com\/user\/CIRCUTORoficial\",\"https:\/\/www.facebook.com\/CIRCUTOR.ES\",\"https:\/\/twitter.com\/circutor\"],\"logo\":{\"@type\":\"ImageObject\",\"inLanguage\":\"ca\",\"@id\":\"https:\/\/circutor.com\/#\/schema\/logo\/image\/\",\"url\":\"https:\/\/circutor.com\/wp-content\/uploads\/2020\/09\/CIR_LOGO_RED.png\",\"contentUrl\":\"https:\/\/circutor.com\/wp-content\/uploads\/2020\/09\/CIR_LOGO_RED.png\",\"width\":512,\"height\":128,\"caption\":\"Circutor\"},\"image\":{\"@id\":\"https:\/\/circutor.com\/#\/schema\/logo\/image\/\"}},{\"@type\":\"WebSite\",\"@id\":\"https:\/\/circutor.com\/#website\",\"url\":\"https:\/\/circutor.com\/\",\"name\":\"CIRCUTOR\",\"description\":\"Soluciones para la eficiencia energ\u00e9tica el\u00e9ctrica\",\"publisher\":{\"@id\":\"https:\/\/circutor.com\/#organization\"},\"potentialAction\":[{\"@type\":\"SearchAction\",\"target\":{\"@type\":\"EntryPoint\",\"urlTemplate\":\"https:\/\/circutor.com\/?s={search_term_string}\"},\"query-input\":\"required name=search_term_string\"}],\"inLanguage\":\"ca\"},{\"@type\":\"WebPage\",\"@id\":\"https:\/\/circutor.com\/ca\/politica-de-galetes\/\",\"url\":\"https:\/\/circutor.com\/ca\/politica-de-galetes\/\",\"name\":\"Pol\u00edtica de galetes - CIRCUTOR\",\"isPartOf\":{\"@id\":\"https:\/\/circutor.com\/#website\"},\"datePublished\":\"2022-12-09T11:53:32+00:00\",\"dateModified\":\"2022-12-09T11:54:29+00:00\",\"breadcrumb\":{\"@id\":\"https:\/\/circutor.com\/ca\/politica-de-galetes\/#breadcrumb\"},\"inLanguage\":\"ca\",\"potentialAction\":[{\"@type\":\"ReadAction\",\"target\":[\"https:\/\/circutor.com\/ca\/politica-de-galetes\/\"]}]},{\"@type\":\"BreadcrumbList\",\"@id\":\"https:\/\/circutor.com\/ca\/politica-de-galetes\/#breadcrumb\",\"itemListElement\":[{\"@type\":\"ListItem\",\"position\":1,\"name\":\"Portada\",\"item\":\"https:\/\/circutor.com\/ca\/\"},{\"@type\":\"ListItem\",\"position\":2,\"name\":\"Pol\u00edtica de galetes\"}]}]}<\/script>\n<!-- \/ Yoast SEO plugin. -->","yoast_head_json":{"title":"Pol\u00edtica de galetes - CIRCUTOR","robots":{"index":"noindex","follow":"nofollow"},"og_locale":"ca_ES","og_type":"article","og_title":"Pol\u00edtica de galetes - CIRCUTOR","og_description":"[vc_row][vc_column][vc_column_text] Pol\u00edtica de galetes D&#8217;acord amb el Reglament europeu 2016\/679 de protecci\u00f3 de dades de car\u00e0cter personal, us comuniquem que el responsable de tractament de les dades personals que introdu\u00efu en aquesta p\u00e0gina web \u00e9s CIRCUTOR, SA, i accepteu la pol\u00edtica de privadesa i el seu av\u00eds legal. Utilitzem galetes pr\u00f2pies i de tercers per [&hellip;]","og_url":"https:\/\/circutor.com\/ca\/politica-de-galetes\/","og_site_name":"CIRCUTOR","article_publisher":"https:\/\/www.facebook.com\/CIRCUTOR.ES","article_modified_time":"2022-12-09T11:54:29+00:00","og_image":[{"width":1299,"height":354,"url":"https:\/\/circutor.com\/wp-content\/uploads\/2022\/07\/Circutor_Logo_Color.png","type":"image\/png"}],"twitter_card":"summary_large_image","twitter_site":"@circutor","twitter_misc":{"Temps estimat de lectura":"3 minuts"},"schema":{"@context":"https:\/\/schema.org","@graph":[{"@type":"Organization","@id":"https:\/\/circutor.com\/#organization","name":"Circutor","url":"https:\/\/circutor.com\/","sameAs":["https:\/\/www.instagram.com\/circutor_es","https:\/\/www.linkedin.com\/company\/circutor","https:\/\/www.youtube.com\/user\/CIRCUTORoficial","https:\/\/www.facebook.com\/CIRCUTOR.ES","https:\/\/twitter.com\/circutor"],"logo":{"@type":"ImageObject","inLanguage":"ca","@id":"https:\/\/circutor.com\/#\/schema\/logo\/image\/","url":"https:\/\/circutor.com\/wp-content\/uploads\/2020\/09\/CIR_LOGO_RED.png","contentUrl":"https:\/\/circutor.com\/wp-content\/uploads\/2020\/09\/CIR_LOGO_RED.png","width":512,"height":128,"caption":"Circutor"},"image":{"@id":"https:\/\/circutor.com\/#\/schema\/logo\/image\/"}},{"@type":"WebSite","@id":"https:\/\/circutor.com\/#website","url":"https:\/\/circutor.com\/","name":"CIRCUTOR","description":"Soluciones para la eficiencia energ\u00e9tica el\u00e9ctrica","publisher":{"@id":"https:\/\/circutor.com\/#organization"},"potentialAction":[{"@type":"SearchAction","target":{"@type":"EntryPoint","urlTemplate":"https:\/\/circutor.com\/?s={search_term_string}"},"query-input":"required name=search_term_string"}],"inLanguage":"ca"},{"@type":"WebPage","@id":"https:\/\/circutor.com\/ca\/politica-de-galetes\/","url":"https:\/\/circutor.com\/ca\/politica-de-galetes\/","name":"Pol\u00edtica de galetes - CIRCUTOR","isPartOf":{"@id":"https:\/\/circutor.com\/#website"},"datePublished":"2022-12-09T11:53:32+00:00","dateModified":"2022-12-09T11:54:29+00:00","breadcrumb":{"@id":"https:\/\/circutor.com\/ca\/politica-de-galetes\/#breadcrumb"},"inLanguage":"ca","potentialAction":[{"@type":"ReadAction","target":["https:\/\/circutor.com\/ca\/politica-de-galetes\/"]}]},{"@type":"BreadcrumbList","@id":"https:\/\/circutor.com\/ca\/politica-de-galetes\/#breadcrumb","itemListElement":[{"@type":"ListItem","position":1,"name":"Portada","item":"https:\/\/circutor.com\/ca\/"},{"@type":"ListItem","position":2,"name":"Pol\u00edtica de galetes"}]}]}},"_links":{"self":[{"href":"https:\/\/circutor.com\/ca\/wp-json\/wp\/v2\/pages\/26928"}],"collection":[{"href":"https:\/\/circutor.com\/ca\/wp-json\/wp\/v2\/pages"}],"about":[{"href":"https:\/\/circutor.com\/ca\/wp-json\/wp\/v2\/types\/page"}],"author":[{"embeddable":true,"href":"https:\/\/circutor.com\/ca\/wp-json\/wp\/v2\/users\/3"}],"replies":[{"embeddable":true,"href":"https:\/\/circutor.com\/ca\/wp-json\/wp\/v2\/comments?post=26928"}],"version-history":[{"count":0,"href":"https:\/\/circutor.com\/ca\/wp-json\/wp\/v2\/pages\/26928\/revisions"}],"wp:attachment":[{"href":"https:\/\/circutor.com\/ca\/wp-json\/wp\/v2\/media?parent=26928"}],"curies":[{"name":"wp","href":"https:\/\/api.w.org\/{rel}","templated":true}]}}