{"id":11758,"date":"2021-11-04T12:37:05","date_gmt":"2021-11-04T12:37:05","guid":{"rendered":"http:\/\/circutor-wp.atic.blue\/?page_id=11758"},"modified":"2024-01-30T15:05:30","modified_gmt":"2024-01-30T13:05:30","slug":"sektoren","status":"publish","type":"page","link":"https:\/\/circutor.com\/de\/sektoren\/","title":{"rendered":"Sektoren"},"content":{"rendered":"<p>[vc_row full_width=&#8221;stretch_row&#8221; el_class=&#8221;banner_pagina_texto&#8221; css=&#8221;.vc_custom_1672750898591{background-image: url(https:\/\/circutor.com\/wp-content\/uploads\/2021\/01\/FSB_Barcelona-Nit.jpg?id=12428) !important;background-position: center !important;background-repeat: no-repeat !important;background-size: cover !important;}&#8221;][vc_column css=&#8221;.vc_custom_1605620904006{padding-top: 0px !important;}&#8221;][vc_row_inner el_class=&#8221;breadcrumb&#8221;][vc_column_inner]<div itemscope itemtype=\"https:\/\/schema.org\/BreadcrumbList\" id=\"breadcrumb\"><div itemprop=\"itemListElement\" itemscope itemtype=\"https:\/\/schema.org\/ListItem\"><a itemprop=\"item\" href=\"https:\/\/circutor.com\/ca\/\"><span itemprop=\"name\">Home<\/span><\/a><meta itemprop=\"position\" content=\"1\" \/><\/div><div itemprop=\"itemListElement\" itemscope itemtype=\"https:\/\/schema.org\/ListItem\"><span><i class=\"ico-guil-singl-right\"><\/i><\/span><span class=\"active_item_breadcrumb\" itemprop=\"name\">Sektoren<\/span><meta itemprop=\"position\" content=\"3\"><\/div><\/div>[\/vc_column_inner][\/vc_row_inner][vc_row_inner][vc_column_inner width=&#8221;1\/2&#8243;][vc_column_text]<\/p>\n<h1>Die Energieeffizienz in Ihrer Branche verbessern<\/h1>\n<p>Umfassende L\u00f6sungen f\u00fcr die Energieeffizienz, die in vielen verschiedenen Branchen eingesetzt werden k\u00f6nnen: Energieerzeugung, Industrie, Dienstleistungssektor und sogar im Haushalt. Wir sind von Beginn bis zum Abschluss pr\u00e4sent.[\/vc_column_text][\/vc_column_inner][vc_column_inner width=&#8221;1\/2&#8243;][\/vc_column_inner][\/vc_row_inner][\/vc_column][\/vc_row][vc_row el_class=&#8221;bloque empresa-pasando sectores_page mostrar_sectores_cpt&#8221;][vc_column][vc_column_text el_class=&#8221;animacion_left&#8221;]<\/p>\n<h6 class=\"wrap-title\">F\u00dcR JEDE BRANCHE<\/h6>\n<p>[\/vc_column_text][vc_row_inner el_class=\"cultura_bottom\"][vc_column_inner width=\"1\/3\"]<a href=\"https:\/\/circutor.com\/ca\/sectors\/industria\/\"><div class=\"item general animacion_caja\"><div class=\"details\"><i class=\"ico-factory\"><\/i><h4 class=\"titulo_page small\">Ind\u00fastria<\/h4><p class=\"enlace\">Podem ajudarte a millorar els teus processos productius i indicadors de rendimient, assegurant la continuitat de la producci\u00f3 i estalviar en la factura energ\u00e8tica amb solucions eficients i sostenibles. <i class=\"ico-arrow-right\"><\/i><\/p><\/div><\/div><\/a>[\/vc_column_inner][vc_column_inner width=\"1\/3\"]<a href=\"https:\/\/circutor.com\/ca\/sectors\/terciari-edificis-i-infraestructures\/\"><div class=\"item general animacion_caja\"><div class=\"details\"><i class=\"ico-skyline\"><\/i><h4 class=\"titulo_page small\">Terciari, edificis i infraestructures<\/h4><p class=\"enlace\">Disposem de solucions per ajudar-te a millorar la gesti\u00f3 i explotaci\u00f3 de la teva instal\u00b7laci\u00f3; reduir els teus consums energ\u00e8tics; estalviar en les teves factures; assegurant el confort dels teus usuaris i clients. <i class=\"ico-arrow-right\"><\/i><\/p><\/div><\/div><\/a>[\/vc_column_inner][vc_column_inner width=\"1\/3\"]<a href=\"https:\/\/circutor.com\/ca\/sectors\/telecomunicacions-i-instal%c2%b7lacions-critiques\/\"><div class=\"item general animacion_caja\"><div class=\"details\"><i class=\"ico-mobile-coms\"><\/i><h4 class=\"titulo_page small\">Telecomunicacions i instal\u00b7lacions cr\u00edtiques<\/h4><p class=\"enlace\">Sabem que un tall de servei pot suposar-te una gran p\u00e8rdua econ\u00f2mica. Volem mostrar-te les nostres solucions per garantir la continu\u00eftat de servei i per optimitzar la teva instal\u00b7laci\u00f3. <i class=\"ico-arrow-right\"><\/i><\/p><\/div><\/div><\/a>[\/vc_column_inner][\/vc_row_inner][vc_row_inner el_class=\"cultura_bottom\"][vc_column_inner width=\"1\/3\"]<a href=\"https:\/\/circutor.com\/ca\/sectors\/companyies-electriques\/\"><div class=\"item general animacion_caja\"><div class=\"details\"><i class=\"ico-gridtower\"><\/i><h4 class=\"titulo_page small\">Companyies el\u00e8ctriques<\/h4><p class=\"enlace\">T'acompanyem en el proc\u00e9s d'implantaci\u00f3 dels teus sistemes per a la gesti\u00f3, distribuci\u00f3 i facturaci\u00f3 d'energia, aportant solucions amb tecnologia puntera i oferint noves oportunitats de negoci. <i class=\"ico-arrow-right\"><\/i><\/p><\/div><\/div><\/a>[\/vc_column_inner][vc_column_inner width=\"1\/3\"]<a href=\"https:\/\/circutor.com\/ca\/sectors\/mobilitat-electrica\/\"><div class=\"item general animacion_caja\"><div class=\"details\"><i class=\"ico-ecar\"><\/i><h4 class=\"titulo_page small\">Mobilitat el\u00e8ctrica<\/h4><p class=\"enlace\">Treballem cada dia per transformar el sistema de mobilitat ciutadana, aportant solucions innovadores per recarregar els vehicles el\u00e8ctrics tant de ciutadans com flotes d'empreses p\u00fabliques o privades. <i class=\"ico-arrow-right\"><\/i><\/p><\/div><\/div><\/a>[\/vc_column_inner][vc_column_inner width=\"1\/3\"]<a href=\"https:\/\/circutor.com\/ca\/sectors\/autoconsum-denergia\/\"><div class=\"item general animacion_caja\"><div class=\"details\"><i class=\"ico-photovoltaic\"><\/i><h4 class=\"titulo_page small\">Autoconsum d&#8217;energia<\/h4><p class=\"enlace\">L'autoconsum ha deixat de ser una opci\u00f3 per a ser una realitat en la nostra societat. Volem assessorar-te sobres les diferents solucions disponibles per produir la teva pr\u00f2pia energia renovable i estalviar en la factura el\u00e8ctrica. <i class=\"ico-arrow-right\"><\/i><\/p><\/div><\/div><\/a>[\/vc_column_inner][\/vc_row_inner][vc_row_inner el_class=\"cultura_bottom\"][vc_column_inner width=\"1\/3\"]<a href=\"https:\/\/circutor.com\/ca\/sectors\/solucions-per-a-convertidors-de-frequencia-i-inversors\/\"><div class=\"item general animacion_caja\"><div class=\"details\"><i class=\"ico-repeat\"><\/i><h4 class=\"titulo_page small\">Solucions per a convertidors de freq\u00fc\u00e8ncia i inversors<\/h4><p class=\"enlace\">Dediquem tots els nostres esfor\u00e7os a treballar amb els nostres clients per entendre les necessitats de cada projecte i producte. <i class=\"ico-arrow-right\"><\/i><\/p><\/div><\/div><\/a>[\/vc_column_inner][vc_column_inner width=\"1\/3\"]<a href=\"https:\/\/circutor.com\/ca\/sectors\/internet-of-things-iot\/\"><div class=\"item general animacion_caja\"><div class=\"details\"><i class=\"\"><\/i><h4 class=\"titulo_page small\">Internet of Things (IoT)<\/h4><p class=\"enlace\">Nuestro conocimiento como fabricantes de dispositivos y comunicaciones industriales nos permite ofrecer soluciones dedicadas a datalogging, monitorizaci\u00f3n, control, captura de datos y an\u00e1lisis avanzado. <i class=\"ico-arrow-right\"><\/i><\/p><\/div><\/div><\/a>[\/vc_column_inner][\/vc_row_inner][\/vc_column][\/vc_row][vc_row disable_element=&#8221;yes&#8221; el_class=&#8221;bloque empresa-como-lo-hacemos&#8221;][vc_column][vc_column_text el_class=&#8221;animacion_left&#8221;]<\/p>\n<h6 class=\"wrap-title\">BESONDERE F\u00c4LLE<\/h6>\n<p>[\/vc_column_text][vc_row_inner][vc_column_inner width=\"1\/3\" el_class=\"item_actualidad_noticias\"]<div class=\"item general ofuscar_link\" data-url=\"https:\/\/circutor.com\/ca\/sectors\/internet-of-things-iot\/\"><div class=\"imagen\"><img src=\"\" style=\"height:213px;object-fit: cover;\"><\/div><div class=\"details\" style=\"min-height: unset\"><p class=\"categoria small\" style=\"\">Llan\u00e7aments<\/p><h5 class=\"titulo\" style=\"display:-webkit-box;-webkit-line-clamp:3;-webkit-box-orient: vertical;overflow: hidden;text-overflow: ellipsis;\"><\/h5><\/div><\/div>[\/vc_column_inner][\/vc_row_inner][\/vc_column][\/vc_row][vc_row el_class=&#8221;bloque empresa-pasando&#8221;][vc_column][vc_column_text el_class=&#8221;animacion_left&#8221;]<\/p>\n<h6 class=\"wrap-title\">MEHR \u00dcBER UNS<\/h6>\n<p>[\/vc_column_text][vc_row_inner el_class=&#8221;cultura_bottom sectores_bottom&#8221;][vc_column_inner width=&#8221;1\/2&#8243;][vc_raw_html]JTNDYSUyMGhyZWYlM0QlMjIlMkZkZSUyRnByb2R1a3RlJTIyJTNFJTBBJTNDZGl2JTIwY2xhc3MlM0QlMjJpdGVtJTIwZ2VuZXJhbCUyMGFuaW1hY2lvbl9jYWphJTIyJTNFJTBBJTBBJTNDZGl2JTIwY2xhc3MlM0QlMjJkZXRhaWxzJTIyJTNFJTBBJTNDaDQlMjBjbGFzcyUzRCUyMnRpdHVsb19wYWdlJTIwc21hbGwlMjIlM0VQcm9kdWt0ZSUzQyUyRmg0JTNFJTBBJTNDcCUyMGNsYXNzJTNEJTIyZW5sYWNlJTIyJTNFQXVmJTIwRWZmaXppZW56JTIwYXVzZ2VsZWd0JTIwJTIwJTNDaSUyMGNsYXNzJTNEJTIyaWNvLWFycm93LXJpZ2h0JTIyJTNFJTNDJTJGaSUzRSUzQyUyRnAlM0UlMEElM0MlMkZkaXYlM0UlMEElMEElM0MlMkZkaXYlM0UlMEElM0MlMkZhJTNF[\/vc_raw_html][\/vc_column_inner][vc_column_inner width=&#8221;1\/2&#8243;][vc_raw_html]JTNDZGl2JTIwaGlkZGVuJTNFJTBBJTNDYSUyMGhyZWYlM0QlMjIlMjMlMjIlM0UlMEElM0NkaXYlMjBjbGFzcyUzRCUyMml0ZW0lMjBnZW5lcmFsJTIwYW5pbWFjaW9uX2NhamElMjIlM0UlMEElMEElM0NkaXYlMjBjbGFzcyUzRCUyMmRldGFpbHMlMjIlM0UlMEElM0NoNCUyMGNsYXNzJTNEJTIydGl0dWxvX3BhZ2UlMjBzbWFsbCUyMiUzRURpZW5zdGxlaXN0dW5nZW4lM0MlMkZoNCUzRSUwQSUzQ3AlMjBjbGFzcyUzRCUyMmVubGFjZSUyMiUzRVdhcyUyMHVucyUyMHZvbiUyMGFuZGVyZW4lMjB1bnRlcnNjaGVpZGV0JTNDaSUyMGNsYXNzJTNEJTIyaWNvLWFycm93LXJpZ2h0JTIyJTNFJTNDJTJGaSUzRSUzQyUyRnAlM0UlMEElM0MlMkZkaXYlM0UlMEElMEElM0MlMkZkaXYlM0UlMEElM0MlMkZhJTNFJTBBJTNDJTJGZGl2JTNF[\/vc_raw_html][\/vc_column_inner][\/vc_row_inner][\/vc_column][\/vc_row]<\/p>\n","protected":false},"excerpt":{"rendered":"<p>[vc_row full_width=&#8221;stretch_row&#8221; el_class=&#8221;banner_pagina_texto&#8221; css=&#8221;.vc_custom_1672750898591{background-image: url(https:\/\/circutor.com\/wp-content\/uploads\/2021\/01\/FSB_Barcelona-Nit.jpg?id=12428) !important;background-position: center !important;background-repeat: no-repeat !important;background-size: cover !important;}&#8221;][vc_column css=&#8221;.vc_custom_1605620904006{padding-top: 0px !important;}&#8221;][vc_row_inner el_class=&#8221;breadcrumb&#8221;][vc_column_inner][\/vc_column_inner][\/vc_row_inner][vc_row_inner][vc_column_inner width=&#8221;1\/2&#8243;][vc_column_text] Die Energieeffizienz in Ihrer Branche verbessern Umfassende L\u00f6sungen f\u00fcr die Energieeffizienz, die in vielen verschiedenen Branchen eingesetzt werden k\u00f6nnen: Energieerzeugung, Industrie, Dienstleistungssektor und sogar im Haushalt. Wir sind von Beginn bis zum Abschluss pr\u00e4sent.[\/vc_column_text][\/vc_column_inner][vc_column_inner width=&#8221;1\/2&#8243;][\/vc_column_inner][\/vc_row_inner][\/vc_column][\/vc_row][vc_row el_class=&#8221;bloque empresa-pasando sectores_page [&hellip;]<\/p>\n","protected":false},"author":7,"featured_media":0,"parent":0,"menu_order":0,"comment_status":"closed","ping_status":"closed","template":"","meta":[],"acf":[],"yoast_head":"<!-- This site is optimized with the Yoast SEO plugin v19.4 - https:\/\/yoast.com\/wordpress\/plugins\/seo\/ -->\n<title>Sektoren - CIRCUTOR<\/title>\n<meta name=\"robots\" content=\"index, follow, max-snippet:-1, max-image-preview:large, max-video-preview:-1\" \/>\n<link rel=\"canonical\" href=\"https:\/\/circutor.com\/de\/sektoren\/\" \/>\n<meta property=\"og:locale\" content=\"ca_ES\" \/>\n<meta property=\"og:type\" content=\"article\" \/>\n<meta property=\"og:title\" content=\"Sektoren - CIRCUTOR\" \/>\n<meta property=\"og:description\" content=\"[vc_row full_width=&#8221;stretch_row&#8221; el_class=&#8221;banner_pagina_texto&#8221; css=&#8221;.vc_custom_1672750898591{background-image: url(https:\/\/circutor.com\/wp-content\/uploads\/2021\/01\/FSB_Barcelona-Nit.jpg?id=12428) !important;background-position: center !important;background-repeat: no-repeat !important;background-size: cover !important;}&#8221;][vc_column css=&#8221;.vc_custom_1605620904006{padding-top: 0px !important;}&#8221;][vc_row_inner el_class=&#8221;breadcrumb&#8221;][vc_column_inner][\/vc_column_inner][\/vc_row_inner][vc_row_inner][vc_column_inner width=&#8221;1\/2&#8243;][vc_column_text] Die Energieeffizienz in Ihrer Branche verbessern Umfassende L\u00f6sungen f\u00fcr die Energieeffizienz, die in vielen verschiedenen Branchen eingesetzt werden k\u00f6nnen: Energieerzeugung, Industrie, Dienstleistungssektor und sogar im Haushalt. Wir sind von Beginn bis zum Abschluss pr\u00e4sent.[\/vc_column_text][\/vc_column_inner][vc_column_inner width=&#8221;1\/2&#8243;][\/vc_column_inner][\/vc_row_inner][\/vc_column][\/vc_row][vc_row el_class=&#8221;bloque empresa-pasando sectores_page [&hellip;]\" \/>\n<meta property=\"og:url\" content=\"https:\/\/circutor.com\/de\/sektoren\/\" \/>\n<meta property=\"og:site_name\" content=\"CIRCUTOR\" \/>\n<meta property=\"article:publisher\" content=\"https:\/\/www.facebook.com\/CIRCUTOR.ES\" \/>\n<meta property=\"article:modified_time\" content=\"2024-01-30T13:05:30+00:00\" \/>\n<meta property=\"og:image\" content=\"https:\/\/circutor.com\/wp-content\/uploads\/2022\/07\/Circutor_Logo_Color.png\" \/>\n\t<meta property=\"og:image:width\" content=\"1299\" \/>\n\t<meta property=\"og:image:height\" content=\"354\" \/>\n\t<meta property=\"og:image:type\" content=\"image\/png\" \/>\n<meta name=\"twitter:card\" content=\"summary_large_image\" \/>\n<meta name=\"twitter:site\" content=\"@circutor\" \/>\n<meta name=\"twitter:label1\" content=\"Temps estimat de lectura\" \/>\n\t<meta name=\"twitter:data1\" content=\"1 minut\" \/>\n<script type=\"application\/ld+json\" class=\"yoast-schema-graph\">{\"@context\":\"https:\/\/schema.org\",\"@graph\":[{\"@type\":\"Organization\",\"@id\":\"https:\/\/circutor.com\/#organization\",\"name\":\"Circutor\",\"url\":\"https:\/\/circutor.com\/\",\"sameAs\":[\"https:\/\/www.instagram.com\/circutor_es\",\"https:\/\/www.linkedin.com\/company\/circutor\",\"https:\/\/www.youtube.com\/user\/CIRCUTORoficial\",\"https:\/\/www.facebook.com\/CIRCUTOR.ES\",\"https:\/\/twitter.com\/circutor\"],\"logo\":{\"@type\":\"ImageObject\",\"inLanguage\":\"ca\",\"@id\":\"https:\/\/circutor.com\/#\/schema\/logo\/image\/\",\"url\":\"https:\/\/circutor.com\/wp-content\/uploads\/2020\/09\/CIR_LOGO_RED.png\",\"contentUrl\":\"https:\/\/circutor.com\/wp-content\/uploads\/2020\/09\/CIR_LOGO_RED.png\",\"width\":512,\"height\":128,\"caption\":\"Circutor\"},\"image\":{\"@id\":\"https:\/\/circutor.com\/#\/schema\/logo\/image\/\"}},{\"@type\":\"WebSite\",\"@id\":\"https:\/\/circutor.com\/#website\",\"url\":\"https:\/\/circutor.com\/\",\"name\":\"CIRCUTOR\",\"description\":\"Soluciones para la eficiencia energ\u00e9tica el\u00e9ctrica\",\"publisher\":{\"@id\":\"https:\/\/circutor.com\/#organization\"},\"potentialAction\":[{\"@type\":\"SearchAction\",\"target\":{\"@type\":\"EntryPoint\",\"urlTemplate\":\"https:\/\/circutor.com\/?s={search_term_string}\"},\"query-input\":\"required name=search_term_string\"}],\"inLanguage\":\"ca\"},{\"@type\":\"WebPage\",\"@id\":\"https:\/\/circutor.com\/de\/sektoren\/\",\"url\":\"https:\/\/circutor.com\/de\/sektoren\/\",\"name\":\"Sektoren - CIRCUTOR\",\"isPartOf\":{\"@id\":\"https:\/\/circutor.com\/#website\"},\"datePublished\":\"2021-11-04T12:37:05+00:00\",\"dateModified\":\"2024-01-30T13:05:30+00:00\",\"breadcrumb\":{\"@id\":\"https:\/\/circutor.com\/de\/sektoren\/#breadcrumb\"},\"inLanguage\":\"ca\",\"potentialAction\":[{\"@type\":\"ReadAction\",\"target\":[\"https:\/\/circutor.com\/de\/sektoren\/\"]}]},{\"@type\":\"BreadcrumbList\",\"@id\":\"https:\/\/circutor.com\/de\/sektoren\/#breadcrumb\",\"itemListElement\":[{\"@type\":\"ListItem\",\"position\":1,\"name\":\"Portada\",\"item\":\"https:\/\/circutor.com\/ca\/\"},{\"@type\":\"ListItem\",\"position\":2,\"name\":\"Sektoren\"}]}]}<\/script>\n<!-- \/ Yoast SEO plugin. -->","yoast_head_json":{"title":"Sektoren - CIRCUTOR","robots":{"index":"index","follow":"follow","max-snippet":"max-snippet:-1","max-image-preview":"max-image-preview:large","max-video-preview":"max-video-preview:-1"},"canonical":"https:\/\/circutor.com\/de\/sektoren\/","og_locale":"ca_ES","og_type":"article","og_title":"Sektoren - CIRCUTOR","og_description":"[vc_row full_width=&#8221;stretch_row&#8221; el_class=&#8221;banner_pagina_texto&#8221; css=&#8221;.vc_custom_1672750898591{background-image: url(https:\/\/circutor.com\/wp-content\/uploads\/2021\/01\/FSB_Barcelona-Nit.jpg?id=12428) !important;background-position: center !important;background-repeat: no-repeat !important;background-size: cover !important;}&#8221;][vc_column css=&#8221;.vc_custom_1605620904006{padding-top: 0px !important;}&#8221;][vc_row_inner el_class=&#8221;breadcrumb&#8221;][vc_column_inner][\/vc_column_inner][\/vc_row_inner][vc_row_inner][vc_column_inner width=&#8221;1\/2&#8243;][vc_column_text] Die Energieeffizienz in Ihrer Branche verbessern Umfassende L\u00f6sungen f\u00fcr die Energieeffizienz, die in vielen verschiedenen Branchen eingesetzt werden k\u00f6nnen: Energieerzeugung, Industrie, Dienstleistungssektor und sogar im Haushalt. Wir sind von Beginn bis zum Abschluss pr\u00e4sent.[\/vc_column_text][\/vc_column_inner][vc_column_inner width=&#8221;1\/2&#8243;][\/vc_column_inner][\/vc_row_inner][\/vc_column][\/vc_row][vc_row el_class=&#8221;bloque empresa-pasando sectores_page [&hellip;]","og_url":"https:\/\/circutor.com\/de\/sektoren\/","og_site_name":"CIRCUTOR","article_publisher":"https:\/\/www.facebook.com\/CIRCUTOR.ES","article_modified_time":"2024-01-30T13:05:30+00:00","og_image":[{"width":1299,"height":354,"url":"https:\/\/circutor.com\/wp-content\/uploads\/2022\/07\/Circutor_Logo_Color.png","type":"image\/png"}],"twitter_card":"summary_large_image","twitter_site":"@circutor","twitter_misc":{"Temps estimat de lectura":"1 minut"},"schema":{"@context":"https:\/\/schema.org","@graph":[{"@type":"Organization","@id":"https:\/\/circutor.com\/#organization","name":"Circutor","url":"https:\/\/circutor.com\/","sameAs":["https:\/\/www.instagram.com\/circutor_es","https:\/\/www.linkedin.com\/company\/circutor","https:\/\/www.youtube.com\/user\/CIRCUTORoficial","https:\/\/www.facebook.com\/CIRCUTOR.ES","https:\/\/twitter.com\/circutor"],"logo":{"@type":"ImageObject","inLanguage":"ca","@id":"https:\/\/circutor.com\/#\/schema\/logo\/image\/","url":"https:\/\/circutor.com\/wp-content\/uploads\/2020\/09\/CIR_LOGO_RED.png","contentUrl":"https:\/\/circutor.com\/wp-content\/uploads\/2020\/09\/CIR_LOGO_RED.png","width":512,"height":128,"caption":"Circutor"},"image":{"@id":"https:\/\/circutor.com\/#\/schema\/logo\/image\/"}},{"@type":"WebSite","@id":"https:\/\/circutor.com\/#website","url":"https:\/\/circutor.com\/","name":"CIRCUTOR","description":"Soluciones para la eficiencia energ\u00e9tica el\u00e9ctrica","publisher":{"@id":"https:\/\/circutor.com\/#organization"},"potentialAction":[{"@type":"SearchAction","target":{"@type":"EntryPoint","urlTemplate":"https:\/\/circutor.com\/?s={search_term_string}"},"query-input":"required name=search_term_string"}],"inLanguage":"ca"},{"@type":"WebPage","@id":"https:\/\/circutor.com\/de\/sektoren\/","url":"https:\/\/circutor.com\/de\/sektoren\/","name":"Sektoren - CIRCUTOR","isPartOf":{"@id":"https:\/\/circutor.com\/#website"},"datePublished":"2021-11-04T12:37:05+00:00","dateModified":"2024-01-30T13:05:30+00:00","breadcrumb":{"@id":"https:\/\/circutor.com\/de\/sektoren\/#breadcrumb"},"inLanguage":"ca","potentialAction":[{"@type":"ReadAction","target":["https:\/\/circutor.com\/de\/sektoren\/"]}]},{"@type":"BreadcrumbList","@id":"https:\/\/circutor.com\/de\/sektoren\/#breadcrumb","itemListElement":[{"@type":"ListItem","position":1,"name":"Portada","item":"https:\/\/circutor.com\/ca\/"},{"@type":"ListItem","position":2,"name":"Sektoren"}]}]}},"_links":{"self":[{"href":"https:\/\/circutor.com\/ca\/wp-json\/wp\/v2\/pages\/11758"}],"collection":[{"href":"https:\/\/circutor.com\/ca\/wp-json\/wp\/v2\/pages"}],"about":[{"href":"https:\/\/circutor.com\/ca\/wp-json\/wp\/v2\/types\/page"}],"author":[{"embeddable":true,"href":"https:\/\/circutor.com\/ca\/wp-json\/wp\/v2\/users\/7"}],"replies":[{"embeddable":true,"href":"https:\/\/circutor.com\/ca\/wp-json\/wp\/v2\/comments?post=11758"}],"version-history":[{"count":0,"href":"https:\/\/circutor.com\/ca\/wp-json\/wp\/v2\/pages\/11758\/revisions"}],"wp:attachment":[{"href":"https:\/\/circutor.com\/ca\/wp-json\/wp\/v2\/media?parent=11758"}],"curies":[{"name":"wp","href":"https:\/\/api.w.org\/{rel}","templated":true}]}}